{"id":4206,"date":"2009-11-23T11:30:24","date_gmt":"2009-11-23T14:30:24","guid":{"rendered":"http:\/\/vilamascote.com.br\/?page_id=4206"},"modified":"2014-02-21T12:10:15","modified_gmt":"2014-02-21T15:10:15","slug":"anuncie","status":"publish","type":"page","link":"https:\/\/vilamascote.com.br\/index.php\/anuncie","title":{"rendered":"Anuncie"},"content":{"rendered":"<h2><span style=\"color: #ff0000;\">Motivos para anunciar no portal VilaMascote.com.br<\/span><\/h2>\n<p><img decoding=\"async\" alt=\"\" src=\"http:\/\/www.omelhordobairro.com.br\/novo\/images\/seta1.jpg\" \/> Maior e mais completo portal de pesquisa do bairro.<br \/>\n<img decoding=\"async\" alt=\"\" src=\"http:\/\/www.omelhordobairro.com.br\/novo\/images\/seta1.jpg\" \/> Mais antigo e tradicional guia do bairro (fundado em 28 de outubro de 2002).<br \/>\n<img decoding=\"async\" alt=\"\" src=\"http:\/\/www.omelhordobairro.com.br\/novo\/images\/seta1.jpg\" \/> Portal gerenciado e administrado por moradores do bairro.<br \/>\n<img decoding=\"async\" alt=\"\" src=\"http:\/\/www.omelhordobairro.com.br\/novo\/images\/seta1.jpg\" \/> Melhor posicionamento entre os portais de busca Google, Yahoo, Bind, UOL e Terra.<br \/>\n<img decoding=\"async\" alt=\"\" src=\"http:\/\/www.omelhordobairro.com.br\/novo\/images\/seta1.jpg\" \/> Mais de 45 mil de usu\u00e1rios no \u00faltimo ano.<\/p>\n<p>Temos v\u00e1rias op\u00e7\u00f5es diferentes de an\u00fancios, entre em contato:<\/p>\n<p>Fone: 11.99413-5230<\/p>\n<p>e-mail: <a href=\"mailto:roberto@vilamascote.com.br\" target=\"_blank\">roberto@vilamascote.com.br<\/a><\/p>\n","protected":false},"excerpt":{"rendered":"<p>Motivos para anunciar no portal VilaMascote.com.br Maior e mais completo portal de pesquisa do bairro. Mais antigo e tradicional guia do bairro (fundado em 28 de outubro de 2002). Portal gerenciado e administrado por moradores do bairro. Melhor posicionamento entre os portais de busca Google, Yahoo, Bind, UOL e Terra. Mais de 45 mil de &hellip;<\/p>\n","protected":false},"author":1,"featured_media":0,"parent":0,"menu_order":100,"comment_status":"closed","ping_status":"open","template":"","meta":{"footnotes":""},"class_list":["post-4206","page","type-page","status-publish",""],"_links":{"self":[{"href":"https:\/\/vilamascote.com.br\/index.php\/wp-json\/wp\/v2\/pages\/4206","targetHints":{"allow":["GET"]}}],"collection":[{"href":"https:\/\/vilamascote.com.br\/index.php\/wp-json\/wp\/v2\/pages"}],"about":[{"href":"https:\/\/vilamascote.com.br\/index.php\/wp-json\/wp\/v2\/types\/page"}],"author":[{"embeddable":true,"href":"https:\/\/vilamascote.com.br\/index.php\/wp-json\/wp\/v2\/users\/1"}],"replies":[{"embeddable":true,"href":"https:\/\/vilamascote.com.br\/index.php\/wp-json\/wp\/v2\/comments?post=4206"}],"version-history":[{"count":8,"href":"https:\/\/vilamascote.com.br\/index.php\/wp-json\/wp\/v2\/pages\/4206\/revisions"}],"predecessor-version":[{"id":5709,"href":"https:\/\/vilamascote.com.br\/index.php\/wp-json\/wp\/v2\/pages\/4206\/revisions\/5709"}],"wp:attachment":[{"href":"https:\/\/vilamascote.com.br\/index.php\/wp-json\/wp\/v2\/media?parent=4206"}],"curies":[{"name":"wp","href":"https:\/\/api.w.org\/{rel}","templated":true}]}}