{"id":3493,"date":"2009-11-04T14:11:53","date_gmt":"2009-11-04T17:11:53","guid":{"rendered":"http:\/\/www.vibra-stop.com.br\/vm\/?page_id=3493"},"modified":"2009-11-04T22:44:54","modified_gmt":"2009-11-05T01:44:54","slug":"transito","status":"publish","type":"page","link":"https:\/\/vilamascote.com.br\/index.php\/transito","title":{"rendered":"Tr\u00e2nsito"},"content":{"rendered":"<p><iframe src =\"http:\/\/cetsp1.cetsp.com.br\/monitransmapa\/agora\/\" width=\"650\" height=\"600\" style=\"margin-left:-44px; margin-top: -10px;\" scrolling=\"no\"><\/p>\n<p>Your browser does not support iframes.<\/p>\n<p><\/iframe><\/p>\n<p><a href=\"http:\/\/www.cetsp.com.br\/\" target=\"_blank\">Informa\u00e7\u00f5es fornecidas pela CET &#8211; Companhia de Engenharia de Tr\u00e1fego<\/a><\/p>\n","protected":false},"excerpt":{"rendered":"<p>Your browser does not support iframes. Informa\u00e7\u00f5es fornecidas pela CET &#8211; Companhia de Engenharia de Tr\u00e1fego<\/p>\n","protected":false},"author":1,"featured_media":0,"parent":0,"menu_order":3,"comment_status":"open","ping_status":"open","template":"","meta":{"footnotes":""},"class_list":["post-3493","page","type-page","status-publish",""],"_links":{"self":[{"href":"https:\/\/vilamascote.com.br\/index.php\/wp-json\/wp\/v2\/pages\/3493","targetHints":{"allow":["GET"]}}],"collection":[{"href":"https:\/\/vilamascote.com.br\/index.php\/wp-json\/wp\/v2\/pages"}],"about":[{"href":"https:\/\/vilamascote.com.br\/index.php\/wp-json\/wp\/v2\/types\/page"}],"author":[{"embeddable":true,"href":"https:\/\/vilamascote.com.br\/index.php\/wp-json\/wp\/v2\/users\/1"}],"replies":[{"embeddable":true,"href":"https:\/\/vilamascote.com.br\/index.php\/wp-json\/wp\/v2\/comments?post=3493"}],"version-history":[{"count":17,"href":"https:\/\/vilamascote.com.br\/index.php\/wp-json\/wp\/v2\/pages\/3493\/revisions"}],"predecessor-version":[{"id":3901,"href":"https:\/\/vilamascote.com.br\/index.php\/wp-json\/wp\/v2\/pages\/3493\/revisions\/3901"}],"wp:attachment":[{"href":"https:\/\/vilamascote.com.br\/index.php\/wp-json\/wp\/v2\/media?parent=3493"}],"curies":[{"name":"wp","href":"https:\/\/api.w.org\/{rel}","templated":true}]}}